{"id":6790,"date":"2025-08-22T10:23:32","date_gmt":"2025-08-22T10:23:32","guid":{"rendered":"https:\/\/luxury-fragrance.eu\/?post_type=product&#038;p=6790"},"modified":"2026-04-17T08:41:49","modified_gmt":"2026-04-17T08:41:49","slug":"creed-centaurus","status":"publish","type":"product","link":"https:\/\/luxury-fragrance.eu\/sl\/izdelek\/creed-centaurus\/","title":{"rendered":"CREED &#8211; Centaurus"},"content":{"rendered":"","protected":false},"excerpt":{"rendered":"<article class=\"text-token-text-primary w-full focus:outline-none scroll-mt-[calc(var(--header-height)+min(200px,max(70px,20svh)))]\" dir=\"auto\" tabindex=\"-1\" data-turn-id=\"133c126c-9523-4265-b312-149088cc0afe\" data-testid=\"conversation-turn-2\" data-scroll-anchor=\"false\" data-turn=\"assistant\">\n<div class=\"text-base my-auto mx-auto [--thread-content-margin:--spacing(4)] @[37rem]:[--thread-content-margin:--spacing(6)] @[72rem]:[--thread-content-margin:--spacing(16)] px-(--thread-content-margin)\">\n<div class=\"[--thread-content-max-width:32rem] @[34rem]:[--thread-content-max-width:40rem] @[64rem]:[--thread-content-max-width:48rem] mx-auto max-w-(--thread-content-max-width) flex-1 group\/turn-messages focus-visible:outline-hidden relative flex w-full min-w-0 flex-col agent-turn\" tabindex=\"-1\">\n<div class=\"flex max-w-full flex-col grow\">\n<div class=\"min-h-8 text-message relative flex w-full flex-col items-end gap-2 text-start break-words whitespace-normal [.text-message+&amp;]:mt-5\" dir=\"auto\" data-message-author-role=\"assistant\" data-message-id=\"6782928c-3347-4448-a152-49f1b6a17331\" data-message-model-slug=\"gpt-5\">\n<div class=\"flex w-full flex-col gap-1 empty:hidden first:pt-[3px]\">\n<div class=\"markdown prose dark:prose-invert w-full break-words light markdown-new-styling\">\n<p data-start=\"0\" data-end=\"106\" data-is-last-node=\"\" data-is-only-node=\"\">Pri\u017egi \u010dute z drznim in ognjevitim jantarjevim vonjem, ki \u017eari tako mo\u010dno kot najve\u010dje ozvezdje v vesolju.<\/p>\n<\/div>\n<p data-start=\"0\" data-end=\"106\" data-is-last-node=\"\" data-is-only-node=\"\">Navdihnjen z enim najve\u010djih ozvezdij, je <strong data-start=\"41\" data-end=\"54\">Centaurus<\/strong> univerzalna lesno-jantarjeva di\u0161ava, ki zasveti v oblaku \u017eare\u010dega tobaka, pri\u017eganega z mo\u010dnim ro\u017enatim poprom, ognjevito cimetovo toplino in pikantnim kardamomom. To osupljivo razko\u0161je uravnote\u017ei razko\u0161na svetloba sandalovine, ne\u017eni odtenki jasmina in mehak sij heliotropa, ki spominjajo na cveto\u010de zvezde na no\u010dnem nebu. \u010cutno lesno-jantarjevo ozadje di\u0161ave Centaurus je prepleteno s silovito mo\u010djo pa\u010dulija, temnimi medenimi toni fi\u017eola tonka ter globoko bogatostjo bourbonske vanilje, ki skupaj ustvarijo trajen, zvezdni sij.<\/p>\n<\/div>\n<\/div>\n<\/div>\n<div class=\"flex min-h-[46px] justify-start\"><\/div>\n<\/div>\n<\/div>\n<\/article>\n<article class=\"text-token-text-primary w-full focus:outline-none scroll-mt-(--header-height)\" dir=\"auto\" tabindex=\"-1\" data-turn-id=\"30a60fb4-344a-436a-b65a-7614b0c44899\" data-testid=\"conversation-turn-3\" data-scroll-anchor=\"false\" data-turn=\"user\">\n<h5 class=\"sr-only\"><\/h5>\n<\/article>\n","protected":false},"featured_media":6794,"comment_status":"open","ping_status":"closed","template":"","meta":[],"product_cat":[149,151,132,105,100,114,106],"product_tag":[74,156,135],"class_list":{"0":"post-6790","1":"product","2":"type-product","3":"status-publish","4":"has-post-thumbnail","6":"product_cat-daily","7":"product_cat-daily-women","8":"product_cat-niche-decants","9":"product_cat-men","10":"product_cat-niche-perfumes","11":"product_cat-unisex","12":"product_cat-women","13":"product_tag-priljubljeno","14":"product_tag-v","15":"product_tag-dekanti","16":"brands-creed","18":"first","19":"instock","20":"taxable","21":"shipping-taxable","22":"purchasable","23":"product-type-variable"},"acf":[],"yoast_head":"<!-- This site is optimized with the Yoast SEO plugin v27.4 - https:\/\/yoast.com\/product\/yoast-seo-wordpress\/ -->\n<title>CREED - Centaurus - Luxury Fragrance<\/title>\n<meta name=\"robots\" content=\"index, follow, max-snippet:-1, max-image-preview:large, max-video-preview:-1\" \/>\n<link rel=\"canonical\" href=\"https:\/\/luxury-fragrance.eu\/sl\/izdelek\/creed-centaurus\/\" \/>\n<meta property=\"og:locale\" content=\"sl_SI\" \/>\n<meta property=\"og:type\" content=\"article\" \/>\n<meta property=\"og:title\" content=\"CREED - Centaurus - Luxury Fragrance\" \/>\n<meta property=\"og:description\" content=\"Pri\u017egi \u010dute z drznim in ognjevitim jantarjevim vonjem, ki \u017eari tako mo\u010dno kot najve\u010dje ozvezdje v vesolju.   Navdihnjen z enim najve\u010djih ozvezdij, je Centaurus univerzalna lesno-jantarjeva di\u0161ava, ki zasveti v oblaku \u017eare\u010dega tobaka, pri\u017eganega z mo\u010dnim ro\u017enatim poprom, ognjevito cimetovo toplino in pikantnim kardamomom. To osupljivo razko\u0161je uravnote\u017ei razko\u0161na svetloba sandalovine, ne\u017eni odtenki jasmina in mehak sij heliotropa, ki spominjajo na cveto\u010de zvezde na no\u010dnem nebu. \u010cutno lesno-jantarjevo ozadje di\u0161ave Centaurus je prepleteno s silovito mo\u010djo pa\u010dulija, temnimi medenimi toni fi\u017eola tonka ter globoko bogatostjo bourbonske vanilje, ki skupaj ustvarijo trajen, zvezdni sij.\" \/>\n<meta property=\"og:url\" content=\"https:\/\/luxury-fragrance.eu\/sl\/izdelek\/creed-centaurus\/\" \/>\n<meta property=\"og:site_name\" content=\"Luxury Fragrance\" \/>\n<meta property=\"article:modified_time\" content=\"2026-04-17T08:41:49+00:00\" \/>\n<meta name=\"twitter:card\" content=\"summary_large_image\" \/>\n<meta name=\"twitter:label1\" content=\"Est. reading time\" \/>\n\t<meta name=\"twitter:data1\" content=\"1 minuta\" \/>\n<script type=\"application\/ld+json\" class=\"yoast-schema-graph\">{\"@context\":\"https:\\\/\\\/schema.org\",\"@graph\":[{\"@type\":\"WebPage\",\"@id\":\"https:\\\/\\\/luxury-fragrance.eu\\\/product\\\/creed-centaurus\\\/\",\"url\":\"https:\\\/\\\/luxury-fragrance.eu\\\/product\\\/creed-centaurus\\\/\",\"name\":\"CREED - Centaurus - Luxury Fragrance\",\"isPartOf\":{\"@id\":\"https:\\\/\\\/luxury-fragrance.eu\\\/#website\"},\"primaryImageOfPage\":{\"@id\":\"https:\\\/\\\/luxury-fragrance.eu\\\/product\\\/creed-centaurus\\\/#primaryimage\"},\"image\":{\"@id\":\"https:\\\/\\\/luxury-fragrance.eu\\\/product\\\/creed-centaurus\\\/#primaryimage\"},\"thumbnailUrl\":\"https:\\\/\\\/luxury-fragrance.eu\\\/wp-content\\\/uploads\\\/2025\\\/08\\\/centaurus.avif\",\"datePublished\":\"2025-08-22T10:23:32+00:00\",\"dateModified\":\"2026-04-17T08:41:49+00:00\",\"breadcrumb\":{\"@id\":\"https:\\\/\\\/luxury-fragrance.eu\\\/product\\\/creed-centaurus\\\/#breadcrumb\"},\"inLanguage\":\"sl-SI\",\"potentialAction\":[{\"@type\":\"ReadAction\",\"target\":[\"https:\\\/\\\/luxury-fragrance.eu\\\/product\\\/creed-centaurus\\\/\"]}]},{\"@type\":\"ImageObject\",\"inLanguage\":\"sl-SI\",\"@id\":\"https:\\\/\\\/luxury-fragrance.eu\\\/product\\\/creed-centaurus\\\/#primaryimage\",\"url\":\"https:\\\/\\\/luxury-fragrance.eu\\\/wp-content\\\/uploads\\\/2025\\\/08\\\/centaurus.avif\",\"contentUrl\":\"https:\\\/\\\/luxury-fragrance.eu\\\/wp-content\\\/uploads\\\/2025\\\/08\\\/centaurus.avif\",\"width\":1500,\"height\":1500},{\"@type\":\"BreadcrumbList\",\"@id\":\"https:\\\/\\\/luxury-fragrance.eu\\\/product\\\/creed-centaurus\\\/#breadcrumb\",\"itemListElement\":[{\"@type\":\"ListItem\",\"position\":1,\"name\":\"Home\",\"item\":\"https:\\\/\\\/luxury-fragrance.eu\\\/\"},{\"@type\":\"ListItem\",\"position\":2,\"name\":\"Shop\",\"item\":\"https:\\\/\\\/luxury-fragrance.eu\\\/shop\\\/\"},{\"@type\":\"ListItem\",\"position\":3,\"name\":\"CREED &#8211; Centaurus\"}]},{\"@type\":\"WebSite\",\"@id\":\"https:\\\/\\\/luxury-fragrance.eu\\\/#website\",\"url\":\"https:\\\/\\\/luxury-fragrance.eu\\\/\",\"name\":\"Luxury Fragrance\",\"description\":\"\",\"potentialAction\":[{\"@type\":\"SearchAction\",\"target\":{\"@type\":\"EntryPoint\",\"urlTemplate\":\"https:\\\/\\\/luxury-fragrance.eu\\\/?s={search_term_string}\"},\"query-input\":{\"@type\":\"PropertyValueSpecification\",\"valueRequired\":true,\"valueName\":\"search_term_string\"}}],\"inLanguage\":\"sl-SI\"}]}<\/script>\n<!-- \/ Yoast SEO plugin. -->","yoast_head_json":{"title":"CREED - Centaurus - Luxury Fragrance","robots":{"index":"index","follow":"follow","max-snippet":"max-snippet:-1","max-image-preview":"max-image-preview:large","max-video-preview":"max-video-preview:-1"},"canonical":"https:\/\/luxury-fragrance.eu\/sl\/izdelek\/creed-centaurus\/","og_locale":"sl_SI","og_type":"article","og_title":"CREED - Centaurus - Luxury Fragrance","og_description":"Pri\u017egi \u010dute z drznim in ognjevitim jantarjevim vonjem, ki \u017eari tako mo\u010dno kot najve\u010dje ozvezdje v vesolju.   Navdihnjen z enim najve\u010djih ozvezdij, je Centaurus univerzalna lesno-jantarjeva di\u0161ava, ki zasveti v oblaku \u017eare\u010dega tobaka, pri\u017eganega z mo\u010dnim ro\u017enatim poprom, ognjevito cimetovo toplino in pikantnim kardamomom. To osupljivo razko\u0161je uravnote\u017ei razko\u0161na svetloba sandalovine, ne\u017eni odtenki jasmina in mehak sij heliotropa, ki spominjajo na cveto\u010de zvezde na no\u010dnem nebu. \u010cutno lesno-jantarjevo ozadje di\u0161ave Centaurus je prepleteno s silovito mo\u010djo pa\u010dulija, temnimi medenimi toni fi\u017eola tonka ter globoko bogatostjo bourbonske vanilje, ki skupaj ustvarijo trajen, zvezdni sij.","og_url":"https:\/\/luxury-fragrance.eu\/sl\/izdelek\/creed-centaurus\/","og_site_name":"Luxury Fragrance","article_modified_time":"2026-04-17T08:41:49+00:00","twitter_card":"summary_large_image","twitter_misc":{"Est. reading time":"1 minuta"},"schema":{"@context":"https:\/\/schema.org","@graph":[{"@type":"WebPage","@id":"https:\/\/luxury-fragrance.eu\/product\/creed-centaurus\/","url":"https:\/\/luxury-fragrance.eu\/product\/creed-centaurus\/","name":"CREED - Centaurus - Luxury Fragrance","isPartOf":{"@id":"https:\/\/luxury-fragrance.eu\/#website"},"primaryImageOfPage":{"@id":"https:\/\/luxury-fragrance.eu\/product\/creed-centaurus\/#primaryimage"},"image":{"@id":"https:\/\/luxury-fragrance.eu\/product\/creed-centaurus\/#primaryimage"},"thumbnailUrl":"https:\/\/luxury-fragrance.eu\/wp-content\/uploads\/2025\/08\/centaurus.avif","datePublished":"2025-08-22T10:23:32+00:00","dateModified":"2026-04-17T08:41:49+00:00","breadcrumb":{"@id":"https:\/\/luxury-fragrance.eu\/product\/creed-centaurus\/#breadcrumb"},"inLanguage":"sl-SI","potentialAction":[{"@type":"ReadAction","target":["https:\/\/luxury-fragrance.eu\/product\/creed-centaurus\/"]}]},{"@type":"ImageObject","inLanguage":"sl-SI","@id":"https:\/\/luxury-fragrance.eu\/product\/creed-centaurus\/#primaryimage","url":"https:\/\/luxury-fragrance.eu\/wp-content\/uploads\/2025\/08\/centaurus.avif","contentUrl":"https:\/\/luxury-fragrance.eu\/wp-content\/uploads\/2025\/08\/centaurus.avif","width":1500,"height":1500},{"@type":"BreadcrumbList","@id":"https:\/\/luxury-fragrance.eu\/product\/creed-centaurus\/#breadcrumb","itemListElement":[{"@type":"ListItem","position":1,"name":"Home","item":"https:\/\/luxury-fragrance.eu\/"},{"@type":"ListItem","position":2,"name":"Shop","item":"https:\/\/luxury-fragrance.eu\/shop\/"},{"@type":"ListItem","position":3,"name":"CREED &#8211; Centaurus"}]},{"@type":"WebSite","@id":"https:\/\/luxury-fragrance.eu\/#website","url":"https:\/\/luxury-fragrance.eu\/","name":"Luxury Fragrance","description":"","potentialAction":[{"@type":"SearchAction","target":{"@type":"EntryPoint","urlTemplate":"https:\/\/luxury-fragrance.eu\/?s={search_term_string}"},"query-input":{"@type":"PropertyValueSpecification","valueRequired":true,"valueName":"search_term_string"}}],"inLanguage":"sl-SI"}]}},"_links":{"self":[{"href":"https:\/\/luxury-fragrance.eu\/sl\/wp-json\/wp\/v2\/product\/6790","targetHints":{"allow":["GET"]}}],"collection":[{"href":"https:\/\/luxury-fragrance.eu\/sl\/wp-json\/wp\/v2\/product"}],"about":[{"href":"https:\/\/luxury-fragrance.eu\/sl\/wp-json\/wp\/v2\/types\/product"}],"replies":[{"embeddable":true,"href":"https:\/\/luxury-fragrance.eu\/sl\/wp-json\/wp\/v2\/comments?post=6790"}],"wp:featuredmedia":[{"embeddable":true,"href":"https:\/\/luxury-fragrance.eu\/sl\/wp-json\/wp\/v2\/media\/6794"}],"wp:attachment":[{"href":"https:\/\/luxury-fragrance.eu\/sl\/wp-json\/wp\/v2\/media?parent=6790"}],"wp:term":[{"taxonomy":"product_cat","embeddable":true,"href":"https:\/\/luxury-fragrance.eu\/sl\/wp-json\/wp\/v2\/product_cat?post=6790"},{"taxonomy":"product_tag","embeddable":true,"href":"https:\/\/luxury-fragrance.eu\/sl\/wp-json\/wp\/v2\/product_tag?post=6790"}],"curies":[{"name":"wp","href":"https:\/\/api.w.org\/{rel}","templated":true}]}}