{"id":6702,"date":"2025-07-29T11:24:23","date_gmt":"2025-07-29T11:24:23","guid":{"rendered":"https:\/\/luxury-fragrance.eu\/?post_type=product&#038;p=6702"},"modified":"2026-04-27T08:41:39","modified_gmt":"2026-04-27T08:41:39","slug":"acqua-di-parma-colonia-eau-de-cologne","status":"publish","type":"product","link":"https:\/\/luxury-fragrance.eu\/sl\/izdelek\/acqua-di-parma-colonia-eau-de-cologne\/","title":{"rendered":"Acqua di Parma &#8211; Colonia, Eau De Cologne"},"content":{"rendered":"","protected":false},"excerpt":{"rendered":"<p data-start=\"0\" data-end=\"117\">Colonia, ustvarjena leta 1916, utele\u0161a duh italijanskega razko\u0161ja \u2013 prefinjenost, brez\u010dasnost in lahkotna eleganca.<\/p>\n<p data-start=\"119\" data-end=\"480\" data-is-last-node=\"\" data-is-only-node=\"\">Takoj ko zrak napolni prepoznavna me\u0161anica zlatih citrusov Acqua di Parma z \u017eare\u010do limono, kalabrijsko bergamotko in pomaran\u010do, za\u017eivi iskrivi zna\u010daj Colonie. Ta se \u0161e dodatno okrepi v aromati\u010dnem srcu, kjer se sivka harmoni\u010dno prepleta z ro\u017emarinom. Topli in dragoceni lesni toni vetiverja, sandalovine in pa\u010dulija zaokro\u017eijo osnovo te ikoni\u010dne kolonjske vode.<\/p>","protected":false},"featured_media":6707,"comment_status":"open","ping_status":"closed","template":"","meta":[],"product_cat":[149,132,105,114,106],"product_tag":[156,135],"class_list":{"0":"post-6702","1":"product","2":"type-product","3":"status-publish","4":"has-post-thumbnail","6":"product_cat-daily","7":"product_cat-niche-decants","8":"product_cat-men","9":"product_cat-unisex","10":"product_cat-women","11":"product_tag-v","12":"product_tag-dekanti","13":"brands-acqua-di-parma","15":"first","16":"outofstock","17":"taxable","18":"shipping-taxable","19":"purchasable","20":"product-type-variable"},"acf":[],"yoast_head":"<!-- This site is optimized with the Yoast SEO plugin v27.4 - https:\/\/yoast.com\/product\/yoast-seo-wordpress\/ -->\n<title>Acqua di Parma - Colonia, Eau De Cologne - Luxury Fragrance<\/title>\n<meta name=\"robots\" content=\"index, follow, max-snippet:-1, max-image-preview:large, max-video-preview:-1\" \/>\n<link rel=\"canonical\" href=\"https:\/\/luxury-fragrance.eu\/sl\/izdelek\/acqua-di-parma-colonia-eau-de-cologne\/\" \/>\n<meta property=\"og:locale\" content=\"sl_SI\" \/>\n<meta property=\"og:type\" content=\"article\" \/>\n<meta property=\"og:title\" content=\"Acqua di Parma - Colonia, Eau De Cologne - Luxury Fragrance\" \/>\n<meta property=\"og:description\" content=\"Colonia, ustvarjena leta 1916, utele\u0161a duh italijanskega razko\u0161ja \u2013 prefinjenost, brez\u010dasnost in lahkotna eleganca. Takoj ko zrak napolni prepoznavna me\u0161anica zlatih citrusov Acqua di Parma z \u017eare\u010do limono, kalabrijsko bergamotko in pomaran\u010do, za\u017eivi iskrivi zna\u010daj Colonie. Ta se \u0161e dodatno okrepi v aromati\u010dnem srcu, kjer se sivka harmoni\u010dno prepleta z ro\u017emarinom. Topli in dragoceni lesni toni vetiverja, sandalovine in pa\u010dulija zaokro\u017eijo osnovo te ikoni\u010dne kolonjske vode.\" \/>\n<meta property=\"og:url\" content=\"https:\/\/luxury-fragrance.eu\/sl\/izdelek\/acqua-di-parma-colonia-eau-de-cologne\/\" \/>\n<meta property=\"og:site_name\" content=\"Luxury Fragrance\" \/>\n<meta property=\"article:modified_time\" content=\"2026-04-27T08:41:39+00:00\" \/>\n<meta property=\"og:image\" content=\"https:\/\/luxury-fragrance.eu\/wp-content\/uploads\/2025\/07\/colo1.jpg\" \/>\n\t<meta property=\"og:image:width\" content=\"1560\" \/>\n\t<meta property=\"og:image:height\" content=\"1560\" \/>\n\t<meta property=\"og:image:type\" content=\"image\/jpeg\" \/>\n<meta name=\"twitter:card\" content=\"summary_large_image\" \/>\n<meta name=\"twitter:label1\" content=\"Est. reading time\" \/>\n\t<meta name=\"twitter:data1\" content=\"1 minuta\" \/>\n<script type=\"application\/ld+json\" class=\"yoast-schema-graph\">{\"@context\":\"https:\\\/\\\/schema.org\",\"@graph\":[{\"@type\":\"WebPage\",\"@id\":\"https:\\\/\\\/luxury-fragrance.eu\\\/product\\\/acqua-di-parma-colonia-eau-de-cologne\\\/\",\"url\":\"https:\\\/\\\/luxury-fragrance.eu\\\/product\\\/acqua-di-parma-colonia-eau-de-cologne\\\/\",\"name\":\"Acqua di Parma - Colonia, Eau De Cologne - Luxury Fragrance\",\"isPartOf\":{\"@id\":\"https:\\\/\\\/luxury-fragrance.eu\\\/#website\"},\"primaryImageOfPage\":{\"@id\":\"https:\\\/\\\/luxury-fragrance.eu\\\/product\\\/acqua-di-parma-colonia-eau-de-cologne\\\/#primaryimage\"},\"image\":{\"@id\":\"https:\\\/\\\/luxury-fragrance.eu\\\/product\\\/acqua-di-parma-colonia-eau-de-cologne\\\/#primaryimage\"},\"thumbnailUrl\":\"https:\\\/\\\/luxury-fragrance.eu\\\/wp-content\\\/uploads\\\/2025\\\/07\\\/colo1.jpg\",\"datePublished\":\"2025-07-29T11:24:23+00:00\",\"dateModified\":\"2026-04-27T08:41:39+00:00\",\"breadcrumb\":{\"@id\":\"https:\\\/\\\/luxury-fragrance.eu\\\/product\\\/acqua-di-parma-colonia-eau-de-cologne\\\/#breadcrumb\"},\"inLanguage\":\"sl-SI\",\"potentialAction\":[{\"@type\":\"ReadAction\",\"target\":[\"https:\\\/\\\/luxury-fragrance.eu\\\/product\\\/acqua-di-parma-colonia-eau-de-cologne\\\/\"]}]},{\"@type\":\"ImageObject\",\"inLanguage\":\"sl-SI\",\"@id\":\"https:\\\/\\\/luxury-fragrance.eu\\\/product\\\/acqua-di-parma-colonia-eau-de-cologne\\\/#primaryimage\",\"url\":\"https:\\\/\\\/luxury-fragrance.eu\\\/wp-content\\\/uploads\\\/2025\\\/07\\\/colo1.jpg\",\"contentUrl\":\"https:\\\/\\\/luxury-fragrance.eu\\\/wp-content\\\/uploads\\\/2025\\\/07\\\/colo1.jpg\",\"width\":1560,\"height\":1560},{\"@type\":\"BreadcrumbList\",\"@id\":\"https:\\\/\\\/luxury-fragrance.eu\\\/product\\\/acqua-di-parma-colonia-eau-de-cologne\\\/#breadcrumb\",\"itemListElement\":[{\"@type\":\"ListItem\",\"position\":1,\"name\":\"Home\",\"item\":\"https:\\\/\\\/luxury-fragrance.eu\\\/\"},{\"@type\":\"ListItem\",\"position\":2,\"name\":\"Shop\",\"item\":\"https:\\\/\\\/luxury-fragrance.eu\\\/shop\\\/\"},{\"@type\":\"ListItem\",\"position\":3,\"name\":\"Acqua di Parma &#8211; Colonia, Eau De Cologne\"}]},{\"@type\":\"WebSite\",\"@id\":\"https:\\\/\\\/luxury-fragrance.eu\\\/#website\",\"url\":\"https:\\\/\\\/luxury-fragrance.eu\\\/\",\"name\":\"Luxury Fragrance\",\"description\":\"\",\"potentialAction\":[{\"@type\":\"SearchAction\",\"target\":{\"@type\":\"EntryPoint\",\"urlTemplate\":\"https:\\\/\\\/luxury-fragrance.eu\\\/?s={search_term_string}\"},\"query-input\":{\"@type\":\"PropertyValueSpecification\",\"valueRequired\":true,\"valueName\":\"search_term_string\"}}],\"inLanguage\":\"sl-SI\"}]}<\/script>\n<!-- \/ Yoast SEO plugin. -->","yoast_head_json":{"title":"Acqua di Parma - Colonia, Eau De Cologne - Luxury Fragrance","robots":{"index":"index","follow":"follow","max-snippet":"max-snippet:-1","max-image-preview":"max-image-preview:large","max-video-preview":"max-video-preview:-1"},"canonical":"https:\/\/luxury-fragrance.eu\/sl\/izdelek\/acqua-di-parma-colonia-eau-de-cologne\/","og_locale":"sl_SI","og_type":"article","og_title":"Acqua di Parma - Colonia, Eau De Cologne - Luxury Fragrance","og_description":"Colonia, ustvarjena leta 1916, utele\u0161a duh italijanskega razko\u0161ja \u2013 prefinjenost, brez\u010dasnost in lahkotna eleganca. Takoj ko zrak napolni prepoznavna me\u0161anica zlatih citrusov Acqua di Parma z \u017eare\u010do limono, kalabrijsko bergamotko in pomaran\u010do, za\u017eivi iskrivi zna\u010daj Colonie. Ta se \u0161e dodatno okrepi v aromati\u010dnem srcu, kjer se sivka harmoni\u010dno prepleta z ro\u017emarinom. Topli in dragoceni lesni toni vetiverja, sandalovine in pa\u010dulija zaokro\u017eijo osnovo te ikoni\u010dne kolonjske vode.","og_url":"https:\/\/luxury-fragrance.eu\/sl\/izdelek\/acqua-di-parma-colonia-eau-de-cologne\/","og_site_name":"Luxury Fragrance","article_modified_time":"2026-04-27T08:41:39+00:00","og_image":[{"width":1560,"height":1560,"url":"https:\/\/luxury-fragrance.eu\/wp-content\/uploads\/2025\/07\/colo1.jpg","type":"image\/jpeg"}],"twitter_card":"summary_large_image","twitter_misc":{"Est. reading time":"1 minuta"},"schema":{"@context":"https:\/\/schema.org","@graph":[{"@type":"WebPage","@id":"https:\/\/luxury-fragrance.eu\/product\/acqua-di-parma-colonia-eau-de-cologne\/","url":"https:\/\/luxury-fragrance.eu\/product\/acqua-di-parma-colonia-eau-de-cologne\/","name":"Acqua di Parma - Colonia, Eau De Cologne - Luxury Fragrance","isPartOf":{"@id":"https:\/\/luxury-fragrance.eu\/#website"},"primaryImageOfPage":{"@id":"https:\/\/luxury-fragrance.eu\/product\/acqua-di-parma-colonia-eau-de-cologne\/#primaryimage"},"image":{"@id":"https:\/\/luxury-fragrance.eu\/product\/acqua-di-parma-colonia-eau-de-cologne\/#primaryimage"},"thumbnailUrl":"https:\/\/luxury-fragrance.eu\/wp-content\/uploads\/2025\/07\/colo1.jpg","datePublished":"2025-07-29T11:24:23+00:00","dateModified":"2026-04-27T08:41:39+00:00","breadcrumb":{"@id":"https:\/\/luxury-fragrance.eu\/product\/acqua-di-parma-colonia-eau-de-cologne\/#breadcrumb"},"inLanguage":"sl-SI","potentialAction":[{"@type":"ReadAction","target":["https:\/\/luxury-fragrance.eu\/product\/acqua-di-parma-colonia-eau-de-cologne\/"]}]},{"@type":"ImageObject","inLanguage":"sl-SI","@id":"https:\/\/luxury-fragrance.eu\/product\/acqua-di-parma-colonia-eau-de-cologne\/#primaryimage","url":"https:\/\/luxury-fragrance.eu\/wp-content\/uploads\/2025\/07\/colo1.jpg","contentUrl":"https:\/\/luxury-fragrance.eu\/wp-content\/uploads\/2025\/07\/colo1.jpg","width":1560,"height":1560},{"@type":"BreadcrumbList","@id":"https:\/\/luxury-fragrance.eu\/product\/acqua-di-parma-colonia-eau-de-cologne\/#breadcrumb","itemListElement":[{"@type":"ListItem","position":1,"name":"Home","item":"https:\/\/luxury-fragrance.eu\/"},{"@type":"ListItem","position":2,"name":"Shop","item":"https:\/\/luxury-fragrance.eu\/shop\/"},{"@type":"ListItem","position":3,"name":"Acqua di Parma &#8211; Colonia, Eau De Cologne"}]},{"@type":"WebSite","@id":"https:\/\/luxury-fragrance.eu\/#website","url":"https:\/\/luxury-fragrance.eu\/","name":"Luxury Fragrance","description":"","potentialAction":[{"@type":"SearchAction","target":{"@type":"EntryPoint","urlTemplate":"https:\/\/luxury-fragrance.eu\/?s={search_term_string}"},"query-input":{"@type":"PropertyValueSpecification","valueRequired":true,"valueName":"search_term_string"}}],"inLanguage":"sl-SI"}]}},"_links":{"self":[{"href":"https:\/\/luxury-fragrance.eu\/sl\/wp-json\/wp\/v2\/product\/6702","targetHints":{"allow":["GET"]}}],"collection":[{"href":"https:\/\/luxury-fragrance.eu\/sl\/wp-json\/wp\/v2\/product"}],"about":[{"href":"https:\/\/luxury-fragrance.eu\/sl\/wp-json\/wp\/v2\/types\/product"}],"replies":[{"embeddable":true,"href":"https:\/\/luxury-fragrance.eu\/sl\/wp-json\/wp\/v2\/comments?post=6702"}],"wp:featuredmedia":[{"embeddable":true,"href":"https:\/\/luxury-fragrance.eu\/sl\/wp-json\/wp\/v2\/media\/6707"}],"wp:attachment":[{"href":"https:\/\/luxury-fragrance.eu\/sl\/wp-json\/wp\/v2\/media?parent=6702"}],"wp:term":[{"taxonomy":"product_cat","embeddable":true,"href":"https:\/\/luxury-fragrance.eu\/sl\/wp-json\/wp\/v2\/product_cat?post=6702"},{"taxonomy":"product_tag","embeddable":true,"href":"https:\/\/luxury-fragrance.eu\/sl\/wp-json\/wp\/v2\/product_tag?post=6702"}],"curies":[{"name":"wp","href":"https:\/\/api.w.org\/{rel}","templated":true}]}}