{"id":6695,"date":"2025-07-29T11:08:21","date_gmt":"2025-07-29T11:08:21","guid":{"rendered":"https:\/\/luxury-fragrance.eu\/?post_type=product&#038;p=6695"},"modified":"2026-01-05T08:42:29","modified_gmt":"2026-01-05T08:42:29","slug":"acqua-di-parma-magnolia-nobile","status":"publish","type":"product","link":"https:\/\/luxury-fragrance.eu\/sl\/izdelek\/acqua-di-parma-magnolia-nobile\/","title":{"rendered":"Acqua di Parma &#8211; Magnolia Nobile"},"content":{"rendered":"","protected":false},"excerpt":{"rendered":"<p>Z \u017eensko parfumsko vodo Magnolia Nobile je Acqua di Parma ustvarila di\u0161avo, ki \u010drpa navdih iz \u017eametno mehkih cvetnih listov in elegantnih nians cveta magnolije ter ustvarja izrazito strukturiran vonj. Odpre se s kristalnimi notami bergamotke, limone in citrona, ki se zdru\u017eijo s cvetli\u010dnimi poudarki magnolije. V srcu te \u017eenstvene parfumske vode se note vrtnice in jasmina prepletajo s tuberozo za prefinjen pridih, medtem ko osnovne note di\u0161avi dajejo njen eleganten zna\u010daj.<\/p>","protected":false},"featured_media":6700,"comment_status":"open","ping_status":"closed","template":"","meta":[],"product_cat":[150,132,100,106],"product_tag":[],"class_list":{"0":"post-6695","1":"product","2":"type-product","3":"status-publish","4":"has-post-thumbnail","6":"product_cat-business-women","7":"product_cat-niche-decants","8":"product_cat-niche-perfumes","9":"product_cat-women","10":"brands-acqua-di-parma","12":"first","13":"instock","14":"taxable","15":"shipping-taxable","16":"purchasable","17":"product-type-variable"},"acf":[],"yoast_head":"<!-- This site is optimized with the Yoast SEO plugin v27.4 - https:\/\/yoast.com\/product\/yoast-seo-wordpress\/ -->\n<title>Acqua di Parma - Magnolia Nobile - Luxury Fragrance<\/title>\n<meta name=\"robots\" content=\"index, follow, max-snippet:-1, max-image-preview:large, max-video-preview:-1\" \/>\n<link rel=\"canonical\" href=\"https:\/\/luxury-fragrance.eu\/sl\/izdelek\/acqua-di-parma-magnolia-nobile\/\" \/>\n<meta property=\"og:locale\" content=\"sl_SI\" \/>\n<meta property=\"og:type\" content=\"article\" \/>\n<meta property=\"og:title\" content=\"Acqua di Parma - Magnolia Nobile - Luxury Fragrance\" \/>\n<meta property=\"og:description\" content=\"Z \u017eensko parfumsko vodo Magnolia Nobile je Acqua di Parma ustvarila di\u0161avo, ki \u010drpa navdih iz \u017eametno mehkih cvetnih listov in elegantnih nians cveta magnolije ter ustvarja izrazito strukturiran vonj. Odpre se s kristalnimi notami bergamotke, limone in citrona, ki se zdru\u017eijo s cvetli\u010dnimi poudarki magnolije. V srcu te \u017eenstvene parfumske vode se note vrtnice in jasmina prepletajo s tuberozo za prefinjen pridih, medtem ko osnovne note di\u0161avi dajejo njen eleganten zna\u010daj.\" \/>\n<meta property=\"og:url\" content=\"https:\/\/luxury-fragrance.eu\/sl\/izdelek\/acqua-di-parma-magnolia-nobile\/\" \/>\n<meta property=\"og:site_name\" content=\"Luxury Fragrance\" \/>\n<meta property=\"article:modified_time\" content=\"2026-01-05T08:42:29+00:00\" \/>\n<meta property=\"og:image\" content=\"https:\/\/luxury-fragrance.eu\/wp-content\/uploads\/2025\/07\/acq2.jpg\" \/>\n\t<meta property=\"og:image:width\" content=\"1560\" \/>\n\t<meta property=\"og:image:height\" content=\"1560\" \/>\n\t<meta property=\"og:image:type\" content=\"image\/jpeg\" \/>\n<meta name=\"twitter:card\" content=\"summary_large_image\" \/>\n<meta name=\"twitter:label1\" content=\"Est. reading time\" \/>\n\t<meta name=\"twitter:data1\" content=\"1 minuta\" \/>\n<script type=\"application\/ld+json\" class=\"yoast-schema-graph\">{\"@context\":\"https:\\\/\\\/schema.org\",\"@graph\":[{\"@type\":\"WebPage\",\"@id\":\"https:\\\/\\\/luxury-fragrance.eu\\\/product\\\/acqua-di-parma-magnolia-nobile\\\/\",\"url\":\"https:\\\/\\\/luxury-fragrance.eu\\\/product\\\/acqua-di-parma-magnolia-nobile\\\/\",\"name\":\"Acqua di Parma - Magnolia Nobile - Luxury Fragrance\",\"isPartOf\":{\"@id\":\"https:\\\/\\\/luxury-fragrance.eu\\\/#website\"},\"primaryImageOfPage\":{\"@id\":\"https:\\\/\\\/luxury-fragrance.eu\\\/product\\\/acqua-di-parma-magnolia-nobile\\\/#primaryimage\"},\"image\":{\"@id\":\"https:\\\/\\\/luxury-fragrance.eu\\\/product\\\/acqua-di-parma-magnolia-nobile\\\/#primaryimage\"},\"thumbnailUrl\":\"https:\\\/\\\/luxury-fragrance.eu\\\/wp-content\\\/uploads\\\/2025\\\/07\\\/acq2.jpg\",\"datePublished\":\"2025-07-29T11:08:21+00:00\",\"dateModified\":\"2026-01-05T08:42:29+00:00\",\"breadcrumb\":{\"@id\":\"https:\\\/\\\/luxury-fragrance.eu\\\/product\\\/acqua-di-parma-magnolia-nobile\\\/#breadcrumb\"},\"inLanguage\":\"sl-SI\",\"potentialAction\":[{\"@type\":\"ReadAction\",\"target\":[\"https:\\\/\\\/luxury-fragrance.eu\\\/product\\\/acqua-di-parma-magnolia-nobile\\\/\"]}]},{\"@type\":\"ImageObject\",\"inLanguage\":\"sl-SI\",\"@id\":\"https:\\\/\\\/luxury-fragrance.eu\\\/product\\\/acqua-di-parma-magnolia-nobile\\\/#primaryimage\",\"url\":\"https:\\\/\\\/luxury-fragrance.eu\\\/wp-content\\\/uploads\\\/2025\\\/07\\\/acq2.jpg\",\"contentUrl\":\"https:\\\/\\\/luxury-fragrance.eu\\\/wp-content\\\/uploads\\\/2025\\\/07\\\/acq2.jpg\",\"width\":1560,\"height\":1560},{\"@type\":\"BreadcrumbList\",\"@id\":\"https:\\\/\\\/luxury-fragrance.eu\\\/product\\\/acqua-di-parma-magnolia-nobile\\\/#breadcrumb\",\"itemListElement\":[{\"@type\":\"ListItem\",\"position\":1,\"name\":\"Home\",\"item\":\"https:\\\/\\\/luxury-fragrance.eu\\\/\"},{\"@type\":\"ListItem\",\"position\":2,\"name\":\"Shop\",\"item\":\"https:\\\/\\\/luxury-fragrance.eu\\\/shop\\\/\"},{\"@type\":\"ListItem\",\"position\":3,\"name\":\"Acqua di Parma &#8211; Magnolia Nobile\"}]},{\"@type\":\"WebSite\",\"@id\":\"https:\\\/\\\/luxury-fragrance.eu\\\/#website\",\"url\":\"https:\\\/\\\/luxury-fragrance.eu\\\/\",\"name\":\"Luxury Fragrance\",\"description\":\"\",\"potentialAction\":[{\"@type\":\"SearchAction\",\"target\":{\"@type\":\"EntryPoint\",\"urlTemplate\":\"https:\\\/\\\/luxury-fragrance.eu\\\/?s={search_term_string}\"},\"query-input\":{\"@type\":\"PropertyValueSpecification\",\"valueRequired\":true,\"valueName\":\"search_term_string\"}}],\"inLanguage\":\"sl-SI\"}]}<\/script>\n<!-- \/ Yoast SEO plugin. -->","yoast_head_json":{"title":"Acqua di Parma - Magnolia Nobile - Luxury Fragrance","robots":{"index":"index","follow":"follow","max-snippet":"max-snippet:-1","max-image-preview":"max-image-preview:large","max-video-preview":"max-video-preview:-1"},"canonical":"https:\/\/luxury-fragrance.eu\/sl\/izdelek\/acqua-di-parma-magnolia-nobile\/","og_locale":"sl_SI","og_type":"article","og_title":"Acqua di Parma - Magnolia Nobile - Luxury Fragrance","og_description":"Z \u017eensko parfumsko vodo Magnolia Nobile je Acqua di Parma ustvarila di\u0161avo, ki \u010drpa navdih iz \u017eametno mehkih cvetnih listov in elegantnih nians cveta magnolije ter ustvarja izrazito strukturiran vonj. Odpre se s kristalnimi notami bergamotke, limone in citrona, ki se zdru\u017eijo s cvetli\u010dnimi poudarki magnolije. V srcu te \u017eenstvene parfumske vode se note vrtnice in jasmina prepletajo s tuberozo za prefinjen pridih, medtem ko osnovne note di\u0161avi dajejo njen eleganten zna\u010daj.","og_url":"https:\/\/luxury-fragrance.eu\/sl\/izdelek\/acqua-di-parma-magnolia-nobile\/","og_site_name":"Luxury Fragrance","article_modified_time":"2026-01-05T08:42:29+00:00","og_image":[{"width":1560,"height":1560,"url":"https:\/\/luxury-fragrance.eu\/wp-content\/uploads\/2025\/07\/acq2.jpg","type":"image\/jpeg"}],"twitter_card":"summary_large_image","twitter_misc":{"Est. reading time":"1 minuta"},"schema":{"@context":"https:\/\/schema.org","@graph":[{"@type":"WebPage","@id":"https:\/\/luxury-fragrance.eu\/product\/acqua-di-parma-magnolia-nobile\/","url":"https:\/\/luxury-fragrance.eu\/product\/acqua-di-parma-magnolia-nobile\/","name":"Acqua di Parma - Magnolia Nobile - Luxury Fragrance","isPartOf":{"@id":"https:\/\/luxury-fragrance.eu\/#website"},"primaryImageOfPage":{"@id":"https:\/\/luxury-fragrance.eu\/product\/acqua-di-parma-magnolia-nobile\/#primaryimage"},"image":{"@id":"https:\/\/luxury-fragrance.eu\/product\/acqua-di-parma-magnolia-nobile\/#primaryimage"},"thumbnailUrl":"https:\/\/luxury-fragrance.eu\/wp-content\/uploads\/2025\/07\/acq2.jpg","datePublished":"2025-07-29T11:08:21+00:00","dateModified":"2026-01-05T08:42:29+00:00","breadcrumb":{"@id":"https:\/\/luxury-fragrance.eu\/product\/acqua-di-parma-magnolia-nobile\/#breadcrumb"},"inLanguage":"sl-SI","potentialAction":[{"@type":"ReadAction","target":["https:\/\/luxury-fragrance.eu\/product\/acqua-di-parma-magnolia-nobile\/"]}]},{"@type":"ImageObject","inLanguage":"sl-SI","@id":"https:\/\/luxury-fragrance.eu\/product\/acqua-di-parma-magnolia-nobile\/#primaryimage","url":"https:\/\/luxury-fragrance.eu\/wp-content\/uploads\/2025\/07\/acq2.jpg","contentUrl":"https:\/\/luxury-fragrance.eu\/wp-content\/uploads\/2025\/07\/acq2.jpg","width":1560,"height":1560},{"@type":"BreadcrumbList","@id":"https:\/\/luxury-fragrance.eu\/product\/acqua-di-parma-magnolia-nobile\/#breadcrumb","itemListElement":[{"@type":"ListItem","position":1,"name":"Home","item":"https:\/\/luxury-fragrance.eu\/"},{"@type":"ListItem","position":2,"name":"Shop","item":"https:\/\/luxury-fragrance.eu\/shop\/"},{"@type":"ListItem","position":3,"name":"Acqua di Parma &#8211; Magnolia Nobile"}]},{"@type":"WebSite","@id":"https:\/\/luxury-fragrance.eu\/#website","url":"https:\/\/luxury-fragrance.eu\/","name":"Luxury Fragrance","description":"","potentialAction":[{"@type":"SearchAction","target":{"@type":"EntryPoint","urlTemplate":"https:\/\/luxury-fragrance.eu\/?s={search_term_string}"},"query-input":{"@type":"PropertyValueSpecification","valueRequired":true,"valueName":"search_term_string"}}],"inLanguage":"sl-SI"}]}},"_links":{"self":[{"href":"https:\/\/luxury-fragrance.eu\/sl\/wp-json\/wp\/v2\/product\/6695","targetHints":{"allow":["GET"]}}],"collection":[{"href":"https:\/\/luxury-fragrance.eu\/sl\/wp-json\/wp\/v2\/product"}],"about":[{"href":"https:\/\/luxury-fragrance.eu\/sl\/wp-json\/wp\/v2\/types\/product"}],"replies":[{"embeddable":true,"href":"https:\/\/luxury-fragrance.eu\/sl\/wp-json\/wp\/v2\/comments?post=6695"}],"wp:featuredmedia":[{"embeddable":true,"href":"https:\/\/luxury-fragrance.eu\/sl\/wp-json\/wp\/v2\/media\/6700"}],"wp:attachment":[{"href":"https:\/\/luxury-fragrance.eu\/sl\/wp-json\/wp\/v2\/media?parent=6695"}],"wp:term":[{"taxonomy":"product_cat","embeddable":true,"href":"https:\/\/luxury-fragrance.eu\/sl\/wp-json\/wp\/v2\/product_cat?post=6695"},{"taxonomy":"product_tag","embeddable":true,"href":"https:\/\/luxury-fragrance.eu\/sl\/wp-json\/wp\/v2\/product_tag?post=6695"}],"curies":[{"name":"wp","href":"https:\/\/api.w.org\/{rel}","templated":true}]}}