{"id":5676,"date":"2024-12-07T14:21:44","date_gmt":"2024-12-07T14:21:44","guid":{"rendered":"https:\/\/luxury-fragrance.eu\/?post_type=product&#038;p=5676"},"modified":"2026-04-27T08:41:42","modified_gmt":"2026-04-27T08:41:42","slug":"nishane-ani","status":"publish","type":"product","link":"https:\/\/luxury-fragrance.eu\/sl\/izdelek\/nishane-ani\/","title":{"rendered":"Nishane &#8211; Ani"},"content":{"rendered":"","protected":false},"excerpt":{"rendered":"<p>Med ljubitelji parfumov je ANI priznan kot najbolj\u0161i vanilijev vonj in velja za ikoni\u010dno di\u0161avo. Gre za romanti\u010den in umirjen parfum, ustvarjen pod navdihom znane anatolske ljudske pesmi z naslovom \u00bbSar\u0131 Gelin\u00ab (v tur\u0161\u010dini) ali \u00bbSari Gyalin\u00ab (v armen\u0161\u010dini). Podobnost imena pesmi v obeh jezikih ka\u017ee na to, da si obe narodi delita zelo podobno kulturo \u2013 bodisi na podro\u010dju umetnosti, kulinarike ali drugih vidikov \u017eivljenja. ANI je tudi ime starodavnega mesta, danes znanega kot Ru\u0161evine Anija, ki so vklju\u010dene na Unescov seznam svetovne dedi\u0161\u010dine.<\/p>\n<p>Edina meja obstaja v domi\u0161ljiji ljudi. Ta parfum je posve\u010den uni\u010devanju vseh meja med ljudmi in daje mo\u010d tistemu, ki ga nosi, da zgradi svoje lastno cesarstvo \u2013 tudi v trenutku, ko mu\/ji ne ostane ni\u010d drugega kot razvaline.<\/p>","protected":false},"featured_media":5680,"comment_status":"open","ping_status":"closed","template":"","meta":[],"product_cat":[147,152,55,105,100,114,106],"product_tag":[135],"class_list":{"0":"post-5676","1":"product","2":"type-product","3":"status-publish","4":"has-post-thumbnail","6":"product_cat-dinners-dates","7":"product_cat-dinners-dates-women","8":"product_cat-fragrance","9":"product_cat-men","10":"product_cat-niche-perfumes","11":"product_cat-unisex","12":"product_cat-women","13":"product_tag-dekanti","14":"brands-nishane","16":"first","17":"outofstock","18":"taxable","19":"shipping-taxable","20":"purchasable","21":"product-type-variable"},"acf":[],"yoast_head":"<!-- This site is optimized with the Yoast SEO plugin v27.4 - https:\/\/yoast.com\/product\/yoast-seo-wordpress\/ -->\n<title>Nishane - Ani - Luxury Fragrance<\/title>\n<meta name=\"robots\" content=\"index, follow, max-snippet:-1, max-image-preview:large, max-video-preview:-1\" \/>\n<link rel=\"canonical\" href=\"https:\/\/luxury-fragrance.eu\/sl\/izdelek\/nishane-ani\/\" \/>\n<meta property=\"og:locale\" content=\"sl_SI\" \/>\n<meta property=\"og:type\" content=\"article\" \/>\n<meta property=\"og:title\" content=\"Nishane - Ani - Luxury Fragrance\" \/>\n<meta property=\"og:description\" content=\"Having shown by the perfume lovers as the best vanilla scent and becoming an iconic scent, highly celebrated ANI is a romantic and calm perfume created under the inspiration of a famous Anatolian folk song called \u201cSar\u0131 Gelin\u201d (in Turkish) or \u201cSari Gyalin\u201d in Armenian. As the similarity of the name of the song in both languages suggests that both nations share a very similar culture as far as art, food or other aspects of life are concerned. ANI is the name of an ancient city that is now known as the Ani Ruins, which was included on UNESCO&#039;s World Heritage List.  The only boundary is in the imagination of the people. This perfume is dedicated to ruin any border between people and to empower the wearer to build his\/her own empire even in a situation when all he\/she is left with nothing but the ruins.\" \/>\n<meta property=\"og:url\" content=\"https:\/\/luxury-fragrance.eu\/sl\/izdelek\/nishane-ani\/\" \/>\n<meta property=\"og:site_name\" content=\"Luxury Fragrance\" \/>\n<meta property=\"article:modified_time\" content=\"2026-04-27T08:41:42+00:00\" \/>\n<meta property=\"og:image\" content=\"https:\/\/luxury-fragrance.eu\/wp-content\/uploads\/2024\/12\/a-50ml-24-ANI.jpg\" \/>\n\t<meta property=\"og:image:width\" content=\"1459\" \/>\n\t<meta property=\"og:image:height\" content=\"1920\" \/>\n\t<meta property=\"og:image:type\" content=\"image\/jpeg\" \/>\n<meta name=\"twitter:card\" content=\"summary_large_image\" \/>\n<meta name=\"twitter:label1\" content=\"Est. reading time\" \/>\n\t<meta name=\"twitter:data1\" content=\"1 minuta\" \/>\n<script type=\"application\/ld+json\" class=\"yoast-schema-graph\">{\"@context\":\"https:\\\/\\\/schema.org\",\"@graph\":[{\"@type\":\"WebPage\",\"@id\":\"https:\\\/\\\/luxury-fragrance.eu\\\/product\\\/nishane-ani\\\/\",\"url\":\"https:\\\/\\\/luxury-fragrance.eu\\\/product\\\/nishane-ani\\\/\",\"name\":\"Nishane - Ani - Luxury Fragrance\",\"isPartOf\":{\"@id\":\"https:\\\/\\\/luxury-fragrance.eu\\\/#website\"},\"primaryImageOfPage\":{\"@id\":\"https:\\\/\\\/luxury-fragrance.eu\\\/product\\\/nishane-ani\\\/#primaryimage\"},\"image\":{\"@id\":\"https:\\\/\\\/luxury-fragrance.eu\\\/product\\\/nishane-ani\\\/#primaryimage\"},\"thumbnailUrl\":\"https:\\\/\\\/luxury-fragrance.eu\\\/wp-content\\\/uploads\\\/2024\\\/12\\\/a-50ml-24-ANI.jpg\",\"datePublished\":\"2024-12-07T14:21:44+00:00\",\"dateModified\":\"2026-04-27T08:41:42+00:00\",\"breadcrumb\":{\"@id\":\"https:\\\/\\\/luxury-fragrance.eu\\\/product\\\/nishane-ani\\\/#breadcrumb\"},\"inLanguage\":\"sl-SI\",\"potentialAction\":[{\"@type\":\"ReadAction\",\"target\":[\"https:\\\/\\\/luxury-fragrance.eu\\\/product\\\/nishane-ani\\\/\"]}]},{\"@type\":\"ImageObject\",\"inLanguage\":\"sl-SI\",\"@id\":\"https:\\\/\\\/luxury-fragrance.eu\\\/product\\\/nishane-ani\\\/#primaryimage\",\"url\":\"https:\\\/\\\/luxury-fragrance.eu\\\/wp-content\\\/uploads\\\/2024\\\/12\\\/a-50ml-24-ANI.jpg\",\"contentUrl\":\"https:\\\/\\\/luxury-fragrance.eu\\\/wp-content\\\/uploads\\\/2024\\\/12\\\/a-50ml-24-ANI.jpg\",\"width\":1459,\"height\":1920},{\"@type\":\"BreadcrumbList\",\"@id\":\"https:\\\/\\\/luxury-fragrance.eu\\\/product\\\/nishane-ani\\\/#breadcrumb\",\"itemListElement\":[{\"@type\":\"ListItem\",\"position\":1,\"name\":\"Home\",\"item\":\"https:\\\/\\\/luxury-fragrance.eu\\\/\"},{\"@type\":\"ListItem\",\"position\":2,\"name\":\"Shop\",\"item\":\"https:\\\/\\\/luxury-fragrance.eu\\\/shop\\\/\"},{\"@type\":\"ListItem\",\"position\":3,\"name\":\"Nishane &#8211; Ani\"}]},{\"@type\":\"WebSite\",\"@id\":\"https:\\\/\\\/luxury-fragrance.eu\\\/#website\",\"url\":\"https:\\\/\\\/luxury-fragrance.eu\\\/\",\"name\":\"Luxury Fragrance\",\"description\":\"\",\"potentialAction\":[{\"@type\":\"SearchAction\",\"target\":{\"@type\":\"EntryPoint\",\"urlTemplate\":\"https:\\\/\\\/luxury-fragrance.eu\\\/?s={search_term_string}\"},\"query-input\":{\"@type\":\"PropertyValueSpecification\",\"valueRequired\":true,\"valueName\":\"search_term_string\"}}],\"inLanguage\":\"sl-SI\"}]}<\/script>\n<!-- \/ Yoast SEO plugin. -->","yoast_head_json":{"title":"Nishane - Ani - Luxury Fragrance","robots":{"index":"index","follow":"follow","max-snippet":"max-snippet:-1","max-image-preview":"max-image-preview:large","max-video-preview":"max-video-preview:-1"},"canonical":"https:\/\/luxury-fragrance.eu\/sl\/izdelek\/nishane-ani\/","og_locale":"sl_SI","og_type":"article","og_title":"Nishane - Ani - Luxury Fragrance","og_description":"Having shown by the perfume lovers as the best vanilla scent and becoming an iconic scent, highly celebrated ANI is a romantic and calm perfume created under the inspiration of a famous Anatolian folk song called \u201cSar\u0131 Gelin\u201d (in Turkish) or \u201cSari Gyalin\u201d in Armenian. As the similarity of the name of the song in both languages suggests that both nations share a very similar culture as far as art, food or other aspects of life are concerned. ANI is the name of an ancient city that is now known as the Ani Ruins, which was included on UNESCO's World Heritage List.  The only boundary is in the imagination of the people. This perfume is dedicated to ruin any border between people and to empower the wearer to build his\/her own empire even in a situation when all he\/she is left with nothing but the ruins.","og_url":"https:\/\/luxury-fragrance.eu\/sl\/izdelek\/nishane-ani\/","og_site_name":"Luxury Fragrance","article_modified_time":"2026-04-27T08:41:42+00:00","og_image":[{"width":1459,"height":1920,"url":"https:\/\/luxury-fragrance.eu\/wp-content\/uploads\/2024\/12\/a-50ml-24-ANI.jpg","type":"image\/jpeg"}],"twitter_card":"summary_large_image","twitter_misc":{"Est. reading time":"1 minuta"},"schema":{"@context":"https:\/\/schema.org","@graph":[{"@type":"WebPage","@id":"https:\/\/luxury-fragrance.eu\/product\/nishane-ani\/","url":"https:\/\/luxury-fragrance.eu\/product\/nishane-ani\/","name":"Nishane - Ani - Luxury Fragrance","isPartOf":{"@id":"https:\/\/luxury-fragrance.eu\/#website"},"primaryImageOfPage":{"@id":"https:\/\/luxury-fragrance.eu\/product\/nishane-ani\/#primaryimage"},"image":{"@id":"https:\/\/luxury-fragrance.eu\/product\/nishane-ani\/#primaryimage"},"thumbnailUrl":"https:\/\/luxury-fragrance.eu\/wp-content\/uploads\/2024\/12\/a-50ml-24-ANI.jpg","datePublished":"2024-12-07T14:21:44+00:00","dateModified":"2026-04-27T08:41:42+00:00","breadcrumb":{"@id":"https:\/\/luxury-fragrance.eu\/product\/nishane-ani\/#breadcrumb"},"inLanguage":"sl-SI","potentialAction":[{"@type":"ReadAction","target":["https:\/\/luxury-fragrance.eu\/product\/nishane-ani\/"]}]},{"@type":"ImageObject","inLanguage":"sl-SI","@id":"https:\/\/luxury-fragrance.eu\/product\/nishane-ani\/#primaryimage","url":"https:\/\/luxury-fragrance.eu\/wp-content\/uploads\/2024\/12\/a-50ml-24-ANI.jpg","contentUrl":"https:\/\/luxury-fragrance.eu\/wp-content\/uploads\/2024\/12\/a-50ml-24-ANI.jpg","width":1459,"height":1920},{"@type":"BreadcrumbList","@id":"https:\/\/luxury-fragrance.eu\/product\/nishane-ani\/#breadcrumb","itemListElement":[{"@type":"ListItem","position":1,"name":"Home","item":"https:\/\/luxury-fragrance.eu\/"},{"@type":"ListItem","position":2,"name":"Shop","item":"https:\/\/luxury-fragrance.eu\/shop\/"},{"@type":"ListItem","position":3,"name":"Nishane &#8211; Ani"}]},{"@type":"WebSite","@id":"https:\/\/luxury-fragrance.eu\/#website","url":"https:\/\/luxury-fragrance.eu\/","name":"Luxury Fragrance","description":"","potentialAction":[{"@type":"SearchAction","target":{"@type":"EntryPoint","urlTemplate":"https:\/\/luxury-fragrance.eu\/?s={search_term_string}"},"query-input":{"@type":"PropertyValueSpecification","valueRequired":true,"valueName":"search_term_string"}}],"inLanguage":"sl-SI"}]}},"_links":{"self":[{"href":"https:\/\/luxury-fragrance.eu\/sl\/wp-json\/wp\/v2\/product\/5676","targetHints":{"allow":["GET"]}}],"collection":[{"href":"https:\/\/luxury-fragrance.eu\/sl\/wp-json\/wp\/v2\/product"}],"about":[{"href":"https:\/\/luxury-fragrance.eu\/sl\/wp-json\/wp\/v2\/types\/product"}],"replies":[{"embeddable":true,"href":"https:\/\/luxury-fragrance.eu\/sl\/wp-json\/wp\/v2\/comments?post=5676"}],"wp:featuredmedia":[{"embeddable":true,"href":"https:\/\/luxury-fragrance.eu\/sl\/wp-json\/wp\/v2\/media\/5680"}],"wp:attachment":[{"href":"https:\/\/luxury-fragrance.eu\/sl\/wp-json\/wp\/v2\/media?parent=5676"}],"wp:term":[{"taxonomy":"product_cat","embeddable":true,"href":"https:\/\/luxury-fragrance.eu\/sl\/wp-json\/wp\/v2\/product_cat?post=5676"},{"taxonomy":"product_tag","embeddable":true,"href":"https:\/\/luxury-fragrance.eu\/sl\/wp-json\/wp\/v2\/product_tag?post=5676"}],"curies":[{"name":"wp","href":"https:\/\/api.w.org\/{rel}","templated":true}]}}