{"id":4559,"date":"2024-11-04T12:34:00","date_gmt":"2024-11-04T12:34:00","guid":{"rendered":"https:\/\/luxury-fragrance.eu\/?post_type=product&#038;p=4559"},"modified":"2026-04-27T08:41:39","modified_gmt":"2026-04-27T08:41:39","slug":"creed-aventus","status":"publish","type":"product","link":"https:\/\/luxury-fragrance.eu\/sl\/izdelek\/creed-aventus\/","title":{"rendered":"Creed &#8211; Aventus"},"content":{"rendered":"","protected":false},"excerpt":{"rendered":"<p>Drzen, samozavesten in mo\u010dan \u2013 ta prepoznavni parfum hi\u0161e Creed je bil skrbno ustvarjen kot prava sodobna klasika. Ro\u010dno izbrani kalabrijski bergamot se odpira v eksoti\u010dne note ananasa in limone, z rahlim pridihom ro\u017enatega popra. So\u010dnost zgornjih in sr\u010dnih not uravnove\u0161ajo bazne note cedre, breze in hrastovega mahu, ki tej dolgoobstojni parfumski vodi dodajo temno, kompleksno globino.<\/p>\n<div class=\"fragrantica-blockquote\"><\/div>","protected":false},"featured_media":4564,"comment_status":"open","ping_status":"closed","template":"","meta":[],"product_cat":[132,55,105,100],"product_tag":[],"class_list":{"0":"post-4559","1":"product","2":"type-product","3":"status-publish","4":"has-post-thumbnail","6":"product_cat-niche-decants","7":"product_cat-fragrance","8":"product_cat-men","9":"product_cat-niche-perfumes","10":"brands-creed","12":"first","13":"instock","14":"taxable","15":"shipping-taxable","16":"purchasable","17":"product-type-variable"},"acf":[],"yoast_head":"<!-- This site is optimized with the Yoast SEO plugin v27.4 - https:\/\/yoast.com\/product\/yoast-seo-wordpress\/ -->\n<title>Creed - Aventus - Luxury Fragrance<\/title>\n<meta name=\"robots\" content=\"index, follow, max-snippet:-1, max-image-preview:large, max-video-preview:-1\" \/>\n<link rel=\"canonical\" href=\"https:\/\/luxury-fragrance.eu\/sl\/izdelek\/creed-aventus\/\" \/>\n<meta property=\"og:locale\" content=\"sl_SI\" \/>\n<meta property=\"og:type\" content=\"article\" \/>\n<meta property=\"og:title\" content=\"Creed - Aventus - Luxury Fragrance\" \/>\n<meta property=\"og:description\" content=\"Drzen, samozavesten in mo\u010dan \u2013 ta prepoznavni parfum hi\u0161e Creed je bil skrbno ustvarjen kot prava sodobna klasika. Ro\u010dno izbrani kalabrijski bergamot se odpira v eksoti\u010dne note ananasa in limone, z rahlim pridihom ro\u017enatega popra. So\u010dnost zgornjih in sr\u010dnih not uravnove\u0161ajo bazne note cedre, breze in hrastovega mahu, ki tej dolgoobstojni parfumski vodi dodajo temno, kompleksno globino.\" \/>\n<meta property=\"og:url\" content=\"https:\/\/luxury-fragrance.eu\/sl\/izdelek\/creed-aventus\/\" \/>\n<meta property=\"og:site_name\" content=\"Luxury Fragrance\" \/>\n<meta property=\"article:modified_time\" content=\"2026-04-27T08:41:39+00:00\" \/>\n<meta property=\"og:image\" content=\"https:\/\/luxury-fragrance.eu\/wp-content\/uploads\/2024\/11\/375x500.9828.jpg\" \/>\n\t<meta property=\"og:image:width\" content=\"375\" \/>\n\t<meta property=\"og:image:height\" content=\"500\" \/>\n\t<meta property=\"og:image:type\" content=\"image\/jpeg\" \/>\n<meta name=\"twitter:card\" content=\"summary_large_image\" \/>\n<meta name=\"twitter:label1\" content=\"Est. reading time\" \/>\n\t<meta name=\"twitter:data1\" content=\"1 minuta\" \/>\n<script type=\"application\/ld+json\" class=\"yoast-schema-graph\">{\"@context\":\"https:\\\/\\\/schema.org\",\"@graph\":[{\"@type\":\"WebPage\",\"@id\":\"https:\\\/\\\/luxury-fragrance.eu\\\/product\\\/creed-aventus\\\/\",\"url\":\"https:\\\/\\\/luxury-fragrance.eu\\\/product\\\/creed-aventus\\\/\",\"name\":\"Creed - Aventus - Luxury Fragrance\",\"isPartOf\":{\"@id\":\"https:\\\/\\\/luxury-fragrance.eu\\\/#website\"},\"primaryImageOfPage\":{\"@id\":\"https:\\\/\\\/luxury-fragrance.eu\\\/product\\\/creed-aventus\\\/#primaryimage\"},\"image\":{\"@id\":\"https:\\\/\\\/luxury-fragrance.eu\\\/product\\\/creed-aventus\\\/#primaryimage\"},\"thumbnailUrl\":\"https:\\\/\\\/luxury-fragrance.eu\\\/wp-content\\\/uploads\\\/2024\\\/11\\\/375x500.9828.jpg\",\"datePublished\":\"2024-11-04T12:34:00+00:00\",\"dateModified\":\"2026-04-27T08:41:39+00:00\",\"breadcrumb\":{\"@id\":\"https:\\\/\\\/luxury-fragrance.eu\\\/product\\\/creed-aventus\\\/#breadcrumb\"},\"inLanguage\":\"sl-SI\",\"potentialAction\":[{\"@type\":\"ReadAction\",\"target\":[\"https:\\\/\\\/luxury-fragrance.eu\\\/product\\\/creed-aventus\\\/\"]}]},{\"@type\":\"ImageObject\",\"inLanguage\":\"sl-SI\",\"@id\":\"https:\\\/\\\/luxury-fragrance.eu\\\/product\\\/creed-aventus\\\/#primaryimage\",\"url\":\"https:\\\/\\\/luxury-fragrance.eu\\\/wp-content\\\/uploads\\\/2024\\\/11\\\/375x500.9828.jpg\",\"contentUrl\":\"https:\\\/\\\/luxury-fragrance.eu\\\/wp-content\\\/uploads\\\/2024\\\/11\\\/375x500.9828.jpg\",\"width\":375,\"height\":500},{\"@type\":\"BreadcrumbList\",\"@id\":\"https:\\\/\\\/luxury-fragrance.eu\\\/product\\\/creed-aventus\\\/#breadcrumb\",\"itemListElement\":[{\"@type\":\"ListItem\",\"position\":1,\"name\":\"Home\",\"item\":\"https:\\\/\\\/luxury-fragrance.eu\\\/\"},{\"@type\":\"ListItem\",\"position\":2,\"name\":\"Shop\",\"item\":\"https:\\\/\\\/luxury-fragrance.eu\\\/shop\\\/\"},{\"@type\":\"ListItem\",\"position\":3,\"name\":\"Creed &#8211; Aventus\"}]},{\"@type\":\"WebSite\",\"@id\":\"https:\\\/\\\/luxury-fragrance.eu\\\/#website\",\"url\":\"https:\\\/\\\/luxury-fragrance.eu\\\/\",\"name\":\"Luxury Fragrance\",\"description\":\"\",\"potentialAction\":[{\"@type\":\"SearchAction\",\"target\":{\"@type\":\"EntryPoint\",\"urlTemplate\":\"https:\\\/\\\/luxury-fragrance.eu\\\/?s={search_term_string}\"},\"query-input\":{\"@type\":\"PropertyValueSpecification\",\"valueRequired\":true,\"valueName\":\"search_term_string\"}}],\"inLanguage\":\"sl-SI\"}]}<\/script>\n<!-- \/ Yoast SEO plugin. -->","yoast_head_json":{"title":"Creed - Aventus - Luxury Fragrance","robots":{"index":"index","follow":"follow","max-snippet":"max-snippet:-1","max-image-preview":"max-image-preview:large","max-video-preview":"max-video-preview:-1"},"canonical":"https:\/\/luxury-fragrance.eu\/sl\/izdelek\/creed-aventus\/","og_locale":"sl_SI","og_type":"article","og_title":"Creed - Aventus - Luxury Fragrance","og_description":"Drzen, samozavesten in mo\u010dan \u2013 ta prepoznavni parfum hi\u0161e Creed je bil skrbno ustvarjen kot prava sodobna klasika. Ro\u010dno izbrani kalabrijski bergamot se odpira v eksoti\u010dne note ananasa in limone, z rahlim pridihom ro\u017enatega popra. So\u010dnost zgornjih in sr\u010dnih not uravnove\u0161ajo bazne note cedre, breze in hrastovega mahu, ki tej dolgoobstojni parfumski vodi dodajo temno, kompleksno globino.","og_url":"https:\/\/luxury-fragrance.eu\/sl\/izdelek\/creed-aventus\/","og_site_name":"Luxury Fragrance","article_modified_time":"2026-04-27T08:41:39+00:00","og_image":[{"width":375,"height":500,"url":"https:\/\/luxury-fragrance.eu\/wp-content\/uploads\/2024\/11\/375x500.9828.jpg","type":"image\/jpeg"}],"twitter_card":"summary_large_image","twitter_misc":{"Est. reading time":"1 minuta"},"schema":{"@context":"https:\/\/schema.org","@graph":[{"@type":"WebPage","@id":"https:\/\/luxury-fragrance.eu\/product\/creed-aventus\/","url":"https:\/\/luxury-fragrance.eu\/product\/creed-aventus\/","name":"Creed - Aventus - Luxury Fragrance","isPartOf":{"@id":"https:\/\/luxury-fragrance.eu\/#website"},"primaryImageOfPage":{"@id":"https:\/\/luxury-fragrance.eu\/product\/creed-aventus\/#primaryimage"},"image":{"@id":"https:\/\/luxury-fragrance.eu\/product\/creed-aventus\/#primaryimage"},"thumbnailUrl":"https:\/\/luxury-fragrance.eu\/wp-content\/uploads\/2024\/11\/375x500.9828.jpg","datePublished":"2024-11-04T12:34:00+00:00","dateModified":"2026-04-27T08:41:39+00:00","breadcrumb":{"@id":"https:\/\/luxury-fragrance.eu\/product\/creed-aventus\/#breadcrumb"},"inLanguage":"sl-SI","potentialAction":[{"@type":"ReadAction","target":["https:\/\/luxury-fragrance.eu\/product\/creed-aventus\/"]}]},{"@type":"ImageObject","inLanguage":"sl-SI","@id":"https:\/\/luxury-fragrance.eu\/product\/creed-aventus\/#primaryimage","url":"https:\/\/luxury-fragrance.eu\/wp-content\/uploads\/2024\/11\/375x500.9828.jpg","contentUrl":"https:\/\/luxury-fragrance.eu\/wp-content\/uploads\/2024\/11\/375x500.9828.jpg","width":375,"height":500},{"@type":"BreadcrumbList","@id":"https:\/\/luxury-fragrance.eu\/product\/creed-aventus\/#breadcrumb","itemListElement":[{"@type":"ListItem","position":1,"name":"Home","item":"https:\/\/luxury-fragrance.eu\/"},{"@type":"ListItem","position":2,"name":"Shop","item":"https:\/\/luxury-fragrance.eu\/shop\/"},{"@type":"ListItem","position":3,"name":"Creed &#8211; Aventus"}]},{"@type":"WebSite","@id":"https:\/\/luxury-fragrance.eu\/#website","url":"https:\/\/luxury-fragrance.eu\/","name":"Luxury Fragrance","description":"","potentialAction":[{"@type":"SearchAction","target":{"@type":"EntryPoint","urlTemplate":"https:\/\/luxury-fragrance.eu\/?s={search_term_string}"},"query-input":{"@type":"PropertyValueSpecification","valueRequired":true,"valueName":"search_term_string"}}],"inLanguage":"sl-SI"}]}},"_links":{"self":[{"href":"https:\/\/luxury-fragrance.eu\/sl\/wp-json\/wp\/v2\/product\/4559","targetHints":{"allow":["GET"]}}],"collection":[{"href":"https:\/\/luxury-fragrance.eu\/sl\/wp-json\/wp\/v2\/product"}],"about":[{"href":"https:\/\/luxury-fragrance.eu\/sl\/wp-json\/wp\/v2\/types\/product"}],"replies":[{"embeddable":true,"href":"https:\/\/luxury-fragrance.eu\/sl\/wp-json\/wp\/v2\/comments?post=4559"}],"wp:featuredmedia":[{"embeddable":true,"href":"https:\/\/luxury-fragrance.eu\/sl\/wp-json\/wp\/v2\/media\/4564"}],"wp:attachment":[{"href":"https:\/\/luxury-fragrance.eu\/sl\/wp-json\/wp\/v2\/media?parent=4559"}],"wp:term":[{"taxonomy":"product_cat","embeddable":true,"href":"https:\/\/luxury-fragrance.eu\/sl\/wp-json\/wp\/v2\/product_cat?post=4559"},{"taxonomy":"product_tag","embeddable":true,"href":"https:\/\/luxury-fragrance.eu\/sl\/wp-json\/wp\/v2\/product_tag?post=4559"}],"curies":[{"name":"wp","href":"https:\/\/api.w.org\/{rel}","templated":true}]}}